{"id":276,"date":"2026-03-05T15:52:34","date_gmt":"2026-03-05T15:52:34","guid":{"rendered":"https:\/\/www.wallify.be\/?page_id=276"},"modified":"2026-03-05T15:53:21","modified_gmt":"2026-03-05T15:53:21","slug":"formules-tarifs","status":"publish","type":"page","link":"https:\/\/www.wallify.be\/index.php\/formules-tarifs\/","title":{"rendered":"Formules &#038; tarifs"},"content":{"rendered":"<p>[et_pb_section fb_built=\u00a0\u00bb1&Prime; custom_padding_last_edited=\u00a0\u00bbon|phone\u00a0\u00bb module_id=\u00a0\u00bbsolutions\u00a0\u00bb module_class=\u00a0\u00bbcontainer-xl\u00a0\u00bb _builder_version=\u00a0\u00bb4.27.5&Prime; _module_preset=\u00a0\u00bbdefault\u00a0\u00bb background_color=\u00a0\u00bbRGBA(255,255,255,0)\u00a0\u00bb custom_margin=\u00a0\u00bb0px||||false|false\u00a0\u00bb custom_margin_phone=\u00a0\u00bb||||false|false\u00a0\u00bb custom_margin_last_edited=\u00a0\u00bboff|phone\u00a0\u00bb custom_padding=\u00a0\u00bb30px||80px||false|false\u00a0\u00bb custom_padding_tablet=\u00a0\u00bb||50px||false|false\u00a0\u00bb custom_padding_phone=\u00a0\u00bb50px||50px||false|false\u00a0\u00bb hover_enabled=\u00a0\u00bb0&Prime; global_colors_info=\u00a0\u00bb{}\u00a0\u00bb theme_builder_area=\u00a0\u00bbpost_content\u00a0\u00bb sticky_enabled=\u00a0\u00bb0&Prime;][et_pb_row _builder_version=\u00a0\u00bb4.27.5&Prime; _module_preset=\u00a0\u00bbdefault\u00a0\u00bb max_width=\u00a0\u00bb80%\u00a0\u00bb max_width_tablet=\u00a0\u00bb80%\u00a0\u00bb max_width_phone=\u00a0\u00bb100%\u00a0\u00bb max_width_last_edited=\u00a0\u00bbon|phone\u00a0\u00bb custom_padding=\u00a0\u00bb0px||0px||false|false\u00a0\u00bb global_colors_info=\u00a0\u00bb{}\u00a0\u00bb theme_builder_area=\u00a0\u00bbpost_content\u00a0\u00bb][et_pb_column type=\u00a0\u00bb4_4&Prime; _builder_version=\u00a0\u00bb4.24.0&Prime; _module_preset=\u00a0\u00bbdefault\u00a0\u00bb global_colors_info=\u00a0\u00bb{}\u00a0\u00bb theme_builder_area=\u00a0\u00bbpost_content\u00a0\u00bb][et_pb_text _builder_version=\u00a0\u00bb4.27.5&Prime; _module_preset=\u00a0\u00bbdefault\u00a0\u00bb text_font=\u00a0\u00bbSource Sans Pro||||||||\u00a0\u00bb text_text_color=\u00a0\u00bb#000000&Prime; text_font_size=\u00a0\u00bb1rem\u00a0\u00bb header_2_font=\u00a0\u00bbArchivo Narrow||||||||\u00a0\u00bb header_2_text_color=\u00a0\u00bb#000000&Prime; header_2_font_size=\u00a0\u00bb35px\u00a0\u00bb header_2_line_height=\u00a0\u00bb2rem\u00a0\u00bb text_orientation=\u00a0\u00bbcenter\u00a0\u00bb max_width=\u00a0\u00bb80%\u00a0\u00bb module_alignment=\u00a0\u00bbcenter\u00a0\u00bb custom_margin=\u00a0\u00bb0px||||false|false\u00a0\u00bb hover_enabled=\u00a0\u00bb0&Prime; text_font_size_tablet=\u00a0\u00bb16px\u00a0\u00bb text_font_size_phone=\u00a0\u00bb16px\u00a0\u00bb text_font_size_last_edited=\u00a0\u00bbon|tablet\u00a0\u00bb header_2_font_size_tablet=\u00a0\u00bb35px\u00a0\u00bb header_2_font_size_phone=\u00a0\u00bb30px\u00a0\u00bb header_2_font_size_last_edited=\u00a0\u00bbon|desktop\u00a0\u00bb global_colors_info=\u00a0\u00bb{}\u00a0\u00bb theme_builder_area=\u00a0\u00bbpost_content\u00a0\u00bb sticky_enabled=\u00a0\u00bb0&Prime;]<\/p>\n<h2 style=\"margin-top: 0; margin-bottom: 20px;\">Tarification Flexible et Abordable<\/h2>\n<p>Des options pour s&rsquo;adapter \u00e0 vos besoins.<br \/>Chez Wallify, nous comprenons que chaque entreprise a des besoins et des moyens financiers diff\u00e9rents. C\u2019est pourquoi nous proposons des options de tarification flexibles qui permettent \u00e0 nos clients de choisir la solution qui leur convient le mieux.<br \/>Nous nous engageons \u00e0 travailler avec vous pour d\u00e9terminer la structure tarifaire qui aligne le mieux votre investissement avec vos ambitions et vos besoins op\u00e9rationnels.<\/p>\n<p>[\/et_pb_text][et_pb_code _builder_version=\u00a0\u00bb4.27.5&Prime; _module_preset=\u00a0\u00bbdefault\u00a0\u00bb hover_enabled=\u00a0\u00bb0&Prime; global_colors_info=\u00a0\u00bb{}\u00a0\u00bb theme_builder_area=\u00a0\u00bbpost_content\u00a0\u00bb sticky_enabled=\u00a0\u00bb0&Prime;]<\/p>\n<div style=\"display: grid; grid-template-columns: 1fr 1fr; gap: 20px;\"><!-- [et_pb_line_break_holder] -->  <\/p>\n<div style=\"border: solid 1px #EAEAEA; padding: 20px; border-radius: 40px; border-top-left-radius: 5px; border-bottom-right-radius: 5px; box-shadow: rgba(0, 0, 0, 0.1) 0px 1px 2px 0px;\"><!-- [et_pb_line_break_holder] -->    <!-- [et_pb_line_break_holder] -->    <\/p>\n<h3 style=\"font-size: 1.2rem; margin-top: 15px; margin: 20px 0; margin-bottom: 10px; color: #F68713; font-family: 'Archivo Narrow', sans-serif; font-weight:700; font-size: 20px;\"><!-- [et_pb_line_break_holder] -->      Achat de licence unique<!-- [et_pb_line_break_holder] -->    <\/h3>\n<p><!-- [et_pb_line_break_holder] -->    Vous avez la possibilit\u00e9 d&rsquo;acqu\u00e9rir la licence de notre logiciel ERP en une seule fois, vous garantissant ainsi un contr\u00f4le total de votre investissement. Cette option est id\u00e9ale pour les entreprises qui souhaitent \u00e9viter des frais r\u00e9currents et pr\u00e9f\u00e8rent une solution \u00e0 co\u00fbt fixe.<!-- [et_pb_line_break_holder] -->  <\/div>\n<p><!-- [et_pb_line_break_holder] -->  <\/p>\n<div style=\"border: solid 1px #EAEAEA; padding: 20px; border-radius: 5px; border-radius: 40px; border-top-left-radius: 5px; border-bottom-right-radius: 5px; box-shadow: rgba(0, 0, 0, 0.1) 0px 1px 2px 0px;\"><!-- [et_pb_line_break_holder] -->    <!-- [et_pb_line_break_holder] -->    <\/p>\n<h3 style=\"font-size: 1.2rem; margin-top: 15px; margin: 20px 0; margin-bottom: 10px; color: #F68713; font-family: 'Archivo Narrow', sans-serif; font-weight:700; font-size: 20px;\"><!-- [et_pb_line_break_holder] -->      Mod\u00e8le d&rsquo;engagement flexible<!-- [et_pb_line_break_holder] -->    <\/h3>\n<p><!-- [et_pb_line_break_holder] -->    Alternativement, nous offrons \u00e9galement la possibilit\u00e9 de combiner un montant d&rsquo;engagement initial plus faible avec un co\u00fbt r\u00e9current d&rsquo;utilisation. Ce mod\u00e8le est con\u00e7u pour s&rsquo;adapter \u00e0 la r\u00e9alit\u00e9 financi\u00e8re de votre entreprise, permettant une entr\u00e9e en mati\u00e8re plus douce et un budget mieux ma\u00eetris\u00e9. Ainsi, vous pouvez b\u00e9n\u00e9ficier de toutes les fonctionnalit\u00e9s de Wallify sans compromettre vos ressources.<!-- [et_pb_line_break_holder] -->  <\/div>\n<p><!-- [et_pb_line_break_holder] -->  <!-- [et_pb_line_break_holder] --><\/div>\n<p>[\/et_pb_code][\/et_pb_column][\/et_pb_row][\/et_pb_section][et_pb_section fb_built=\u00a0\u00bb1&Prime; _builder_version=\u00a0\u00bb4.27.5&Prime; _module_preset=\u00a0\u00bbdefault\u00a0\u00bb background_color=\u00a0\u00bb#d62f7c\u00a0\u00bb custom_margin=\u00a0\u00bb0px||0px||false|false\u00a0\u00bb custom_padding=\u00a0\u00bb0px||0px||false|false\u00a0\u00bb global_colors_info=\u00a0\u00bb{}\u00a0\u00bb theme_builder_area=\u00a0\u00bbpost_content\u00a0\u00bb][et_pb_row _builder_version=\u00a0\u00bb4.27.5&Prime; _module_preset=\u00a0\u00bbdefault\u00a0\u00bb max_width=\u00a0\u00bb80%\u00a0\u00bb custom_padding=\u00a0\u00bb50px||50px||false|false\u00a0\u00bb global_colors_info=\u00a0\u00bb{}\u00a0\u00bb theme_builder_area=\u00a0\u00bbpost_content\u00a0\u00bb][et_pb_column type=\u00a0\u00bb4_4&Prime; _builder_version=\u00a0\u00bb4.27.5&Prime; _module_preset=\u00a0\u00bbdefault\u00a0\u00bb global_colors_info=\u00a0\u00bb{}\u00a0\u00bb theme_builder_area=\u00a0\u00bbpost_content\u00a0\u00bb][et_pb_text _builder_version=\u00a0\u00bb4.27.5&Prime; _module_preset=\u00a0\u00bbdefault\u00a0\u00bb text_font=\u00a0\u00bbSource Sans Pro|600|||||||\u00a0\u00bb text_text_color=\u00a0\u00bb#FFFFFF\u00a0\u00bb text_font_size=\u00a0\u00bb1.5rem\u00a0\u00bb text_line_height=\u00a0\u00bb1.5em\u00a0\u00bb text_orientation=\u00a0\u00bbcenter\u00a0\u00bb text_font_size_tablet=\u00a0\u00bb1.5rem\u00a0\u00bb text_font_size_phone=\u00a0\u00bb1.2em\u00a0\u00bb text_font_size_last_edited=\u00a0\u00bbon|phone\u00a0\u00bb text_line_height_tablet=\u00a0\u00bb1.5em\u00a0\u00bb text_line_height_phone=\u00a0\u00bb1.4em\u00a0\u00bb text_line_height_last_edited=\u00a0\u00bbon|phone\u00a0\u00bb global_colors_info=\u00a0\u00bb{}\u00a0\u00bb theme_builder_area=\u00a0\u00bbpost_content\u00a0\u00bb]Une fois achet\u00e9, il appartient \u00e0 l&rsquo;acheteur.<br \/>\nPas de cout r\u00e9curent obligatoire en dehors de l&rsquo;h\u00e9bergement.[\/et_pb_text][\/et_pb_column][\/et_pb_row][\/et_pb_section]<\/p>\n","protected":false},"excerpt":{"rendered":"<p>Tarification Flexible et Abordable Des options pour s&rsquo;adapter \u00e0 vos besoins.Chez Wallify, nous comprenons que chaque entreprise a des besoins et des moyens financiers diff\u00e9rents. C\u2019est pourquoi nous proposons des options de tarification flexibles qui permettent \u00e0 nos clients de choisir la solution qui leur convient le mieux.Nous nous engageons \u00e0 travailler avec vous pour [&hellip;]<\/p>\n","protected":false},"author":2,"featured_media":0,"parent":0,"menu_order":0,"comment_status":"closed","ping_status":"closed","template":"","meta":{"_et_pb_use_builder":"on","_et_pb_old_content":"","_et_gb_content_width":"","footnotes":""},"class_list":["post-276","page","type-page","status-publish","hentry"],"_links":{"self":[{"href":"https:\/\/www.wallify.be\/index.php\/wp-json\/wp\/v2\/pages\/276","targetHints":{"allow":["GET"]}}],"collection":[{"href":"https:\/\/www.wallify.be\/index.php\/wp-json\/wp\/v2\/pages"}],"about":[{"href":"https:\/\/www.wallify.be\/index.php\/wp-json\/wp\/v2\/types\/page"}],"author":[{"embeddable":true,"href":"https:\/\/www.wallify.be\/index.php\/wp-json\/wp\/v2\/users\/2"}],"replies":[{"embeddable":true,"href":"https:\/\/www.wallify.be\/index.php\/wp-json\/wp\/v2\/comments?post=276"}],"version-history":[{"count":3,"href":"https:\/\/www.wallify.be\/index.php\/wp-json\/wp\/v2\/pages\/276\/revisions"}],"predecessor-version":[{"id":280,"href":"https:\/\/www.wallify.be\/index.php\/wp-json\/wp\/v2\/pages\/276\/revisions\/280"}],"wp:attachment":[{"href":"https:\/\/www.wallify.be\/index.php\/wp-json\/wp\/v2\/media?parent=276"}],"curies":[{"name":"wp","href":"https:\/\/api.w.org\/{rel}","templated":true}]}}